{"id":1379,"date":"2016-08-16T21:25:28","date_gmt":"2016-08-16T19:25:28","guid":{"rendered":"https:\/\/www.fritz-maierhofer.com\/?page_id=1379"},"modified":"2017-05-29T22:19:41","modified_gmt":"2017-05-29T20:19:41","slug":"exhibitions","status":"publish","type":"page","link":"https:\/\/www.fritz-maierhofer.com\/?page_id=1379","title":{"rendered":"Exhibitions"},"content":{"rendered":"<div>\n<p><strong>(GE) Group Exhibitions<br \/>\n<\/strong><\/p>\n<p><strong>(SE) Solo Exhibitions<\/strong><\/p>\n<ul>\n<li><strong>2017 <\/strong>\n<ul>\n<li>&#8222;Ber\u00fchrungspunkte &#8211; neue Schmuckarbeiten von Fritz Maierhofer und Margit Hart&#8220; bei Alja&amp;Friends, Vienna, Austria (SE)<\/li>\n<li>\u201ePrivate Confessions \u2013 Die Zeichnung der Schmuckk\u00fcnstler\u201c, Villa Stuck, Munich, Germany (GE)<\/li>\n<li>&#8222;Nature Morte&#8220;, National Museum in Wroclaw, Poland (GE)<\/li>\n<li>&#8222;Make &#8211; a celebration of craft&#8220;, Ruthin Craft Centre, UK\u00a0(GE)<\/li>\n<\/ul>\n<\/li>\n<\/ul>\n<\/div>\n<ul>\n<li><strong>2016 <\/strong>\n<ul>\n<li>Bildungshaus des Landes Steiermark Schloss St. Martin, Graz, Austria (SE)<\/li>\n<li>Shanghai Art Museum Liu Haisu, Shanghai (GE)<\/li>\n<li>\u201ePrivate Confessions \u2013 Die Zeichnung der Schmukk\u00fcnstler\u201c, CODA MUSEUM, Apeldoorn, Netherlands (GE)<\/li>\n<\/ul>\n<\/li>\n<\/ul>\n<ul>\n<li><strong>2015 <\/strong>\n<ul>\n<li>&#8222;Jewellery 1970-2015 &#8211; Bollmann Collection, Fritz Maierhofer &#8211; Retrospective&#8220; MAK, Museum of Applied Arts, Vienna, Austria (GE, SE)<\/li>\n<li>&#8222;Retrospective of jewellery and objects&#8220; Ruthin Craft Centre \u2013 The Centre for the Applied Arts, Ruthin, UK (SE)<\/li>\n<li>&#8222;Gioielli e sculture Retrospettiva 1970-2015&#8220; Palazzo Zuckermann,\u00a0Padova, Italy (SE)<\/li>\n<\/ul>\n<\/li>\n<\/ul>\n<ul>\n<li><strong>2014 <\/strong>\n<ul>\n<li>\u00a0\u201eMultiple Exposures: Jewelry And Photography\u201c Museum Of Arts And Design, New York, USA (GE)<\/li>\n<li>\u201ePetit es beau \u2013 Paper Jewelry\u201c Museum Of Japanese Art And Technology, \u201cManggha\u201d Krakow, Poland (GE)<\/li>\n<li>\u201eMateria prima\u201c Galleria GR 20, Padova, Italy (GE)<\/li>\n<\/ul>\n<\/li>\n<\/ul>\n<ul>\n<li><strong>2012 <\/strong>\n<ul>\n<li>\u201cUnexpected Pleasures\u201d National Gallery Of Victoria, Melbourne, Australia (GE)<\/li>\n<li>\u201cUnexpected Pleasures\u201d The Designmuseum, London, UK (GE)<\/li>\n<\/ul>\n<\/li>\n<\/ul>\n<ul>\n<li><strong>2011 <\/strong>\n<ul>\n<li>\u201cFive Of A Kind\u201d Galerie Jordanow, Munich, Germany (GE)<\/li>\n<li>\u201c40 Years\u201d Electrum Gallery, London, UK (GE)<\/li>\n<\/ul>\n<\/li>\n<\/ul>\n<ul>\n<li><strong>2010 <\/strong>\n<ul>\n<li>\u201c20 Jahre Galerie Slavik\u201d, Vienna, Austria (GE)<\/li>\n<li>\u201cFive Of A Kind\u201d Galerie Eugen Lendl, Graz, Austria (GE)<\/li>\n<\/ul>\n<\/li>\n<\/ul>\n<ul>\n<li><strong>2009 <\/strong>\n<ul>\n<li>Galleria Gr 20, Padova, Italy (SE)<\/li>\n<li>Galerie St\u00fchler, Munich and Berlin, Germany (SE)<\/li>\n<\/ul>\n<\/li>\n<li><b>2008<\/b>\n<ul>\n<li>&#8222;02.41 Fritz Maierhofer&#8220; Caroline Van Hoek,Contemporary Jewellery Gallery, Brussels, Belgium (SE)<\/li>\n<\/ul>\n<\/li>\n<li><b>2007<\/b>\n<ul>\n<li>Galleria Gr 20, Padova, Italy &#8222;Sisonke&#8220; (SE)<\/li>\n<li>Cross Continental Design Catwalk,Vienna, Austria (SE)<\/li>\n<\/ul>\n<\/li>\n<li><b>2006<\/b>\n<ul>\n<li>&#8222;Fritz Maierhofer 2006&#8220;,K\u00fcnstlerhaus, Vienna, Austria (SE)<\/li>\n<\/ul>\n<\/li>\n<li><b>2005<\/b>\n<ul>\n<li>Galerie Am Lieglweg, Neulengbach, Austria (SE)<\/li>\n<\/ul>\n<\/li>\n<\/ul>\n<ul>\n<li><b>2002<\/b>\n<ul>\n<li>&#8222;Schmuckchaos&#8220;, K\u00fcnstlerhaus (Performance with Simone Bag\u00f3), Vienna, Austria (SE)<\/li>\n<li>\u201eJewelry in Painting\u201c, Mobilia Gallery, Cambridge, <span class=\"st\">Massachusetts, USA (GE)<\/span><\/li>\n<li>Austria Center, ECR \u2013 2002, Vienna, Austria (GE)<\/li>\n<\/ul>\n<\/li>\n<\/ul>\n<ul>\n<li><strong>2001<\/strong>\n<ul>\n<li>\u201eTurning \u2013 Point\u201c, shown at Millenium Galleries, Sheffield, England, UK (GE)<\/li>\n<li>Electrum Gallery, London, UK (GE)<\/li>\n<li>Sculpture to wear, California, USA (GE)<\/li>\n<li>\u201eThe Ring\u201c, Mobilia Gallery, Cambridge, <span class=\"st\">Massachusetts, USA (GE)<\/span><\/li>\n<li>\u201eRadiant Geometries\u201c, American Craft Museum, New York, USA (GE)<\/li>\n<li>\u201eAlles Schmuck\u201c, Museum f\u00fcr Gestaltung, Z\u00fcrich, Switzerland (GE)<\/li>\n<li>Oratorio di San Rocco, Padova, Italy (GE)<\/li>\n<li>Galerie G\u00f6ttlicher, Krems \u2013 Stein, Austria (GE)<\/li>\n<li>Gr\u00f6sse \u201eS\u201c, K\u00fcnstlerhaus, Vienna, Austria (GE)<\/li>\n<li>\u201eMikromegas\u201c, Munich, Germany on tour (GE)<\/li>\n<\/ul>\n<\/li>\n<\/ul>\n<ul>\n<li><b>2000<\/b>\n<ul>\n<li>Galerie 422, Gmunden, Austria (SE)<\/li>\n<li>Galerie Slavik, Vienna, Austria (GE)<\/li>\n<li>Porto Rotondo, Venice, Italy (GE)<\/li>\n<li>\u201eTurning \u2013 Point\u201c, shown at K\u00fcnstlerhaus Klagenfurt and Universit\u00e4t f\u00fcr angewandte Kunst, Ausstellungszentrum Heiligenkreuzerhof, Vienna, Austria (GE)<\/li>\n<\/ul>\n<\/li>\n<li><b>1999<\/b>\n<ul>\n<li>Galerie G\u00f6ttlicher, Krems &#8211; Stein, Austria (SE)<\/li>\n<li>Stadtmuseum, P\u00f6chlarn, Austria (SE)<\/li>\n<li>Austria Center, ECR \u2013 1999, Vienna (SE)<\/li>\n<li>\u201eTurning \u2013 Point\u201c, Contemporary Austrian Jewellery, N\u00f6 Dokumentationszentrum f\u00fcr moderne Kunst, St.P\u00f6lten, Austria (GE)<\/li>\n<\/ul>\n<\/li>\n<li><b>1998<\/b>\n<ul>\n<li>&#8222;The Ring&#8220;, K\u00fcnstlerhaus, Vienna, Austria (SE)<\/li>\n<li>\u201eJewellery Moves\u201c, National Museum of Scotland, Edinburgh, UK (GE)<\/li>\n<li>Galerie im Gerichtsgeb\u00e4ude, Neulengbach, Austria (GE)<\/li>\n<li>Kunsthalle Stahlwerk, Berndorf, Austria (GE)<\/li>\n<\/ul>\n<\/li>\n<li><b>1997<\/b>\n<ul>\n<li>&#8222;Jewellery up to the present day&#8220;, Looshaus, Vienna, Austria (SE)<\/li>\n<\/ul>\n<\/li>\n<\/ul>\n<ul>\n<li><strong>1996<\/strong>\n<ul>\n<li>Galerie V + V, Vienna, Austria (GE)<\/li>\n<li>Looshaus, Vienna, Austria (GE)<\/li>\n<\/ul>\n<\/li>\n<\/ul>\n<ul>\n<li><b>1995<\/b>\n<ul>\n<li>Villa de Bondt, Gent, Belgium (SE)<\/li>\n<li>Promenadengasse, Vienna, Austria (SE)<\/li>\n<li>Vienna Art Auction (GE)<\/li>\n<li>\u201eJewellery and work in paper\u201c, Galerie Tiller, Vienna, Austria (GE)<\/li>\n<\/ul>\n<\/li>\n<li><b>1994<\/b>\n<ul>\n<li>Galerie Ibo, Klagenfurt, Austria (SE)<\/li>\n<li>Art in the landscape, Gut Gasteil, Prigglitz, Austria (GE)<\/li>\n<\/ul>\n<\/li>\n<li><b>1993<\/b>\n<ul>\n<li>New Jewels Gallery, Knokke Heist, Belgium (SE)<\/li>\n<li>The Art of Jewellery, Tokyo, Japan (GE)<\/li>\n<li>Galerie Neon, Brussels, Belgium (GE)<\/li>\n<li>Wedding Collection, Villa de Bondt, Gent, Belgium (GE)<\/li>\n<\/ul>\n<\/li>\n<li><b>1992<\/b>\n<ul>\n<li>K\u00fcnstlerhaus Wien, Kinogalerie, Vienna, Austria (SE)<\/li>\n<li>Studio exhibition with Bernd Munsteiner, Stipshausen, Germany (GE)<\/li>\n<li>Diagonal \u2013 Austrian Design (GE)<\/li>\n<\/ul>\n<\/li>\n<\/ul>\n<ul>\n<li><strong>1991<\/strong>\n<ul>\n<li>Austrian architecture and design beyond tradition in the 1990\u2019s, Art Institute, Chicago, USA (GE)<\/li>\n<li>Art Fair, Gent, Belgium (GE)<\/li>\n<li>Ausstrahlungen, Vienna, Austria (GE)<\/li>\n<li>Design zum Lieben, MAK, Vienna, Austria (GE)<\/li>\n<\/ul>\n<\/li>\n<\/ul>\n<ul>\n<li><b>1990<\/b>\n<ul>\n<li>&#8222;New Jewels&#8220;, Kunstgalery Knokke Heist, Belgium (SE)<\/li>\n<li>Galerie Christine Marschalek, Vienna, Austria (SE)<\/li>\n<li>European Metal, Powerhouse Museum, Sydney, Australia (GE)<\/li>\n<li>Schmuck Europa \u201990 Triennale Europ\u00e9enne du Bijoux, Paris, Luxembourg Museum (GE)<\/li>\n<li>Galerie Slavik, Vienna, Austria (GE)<\/li>\n<\/ul>\n<\/li>\n<li><b>1989<\/b>\n<ul>\n<li>Zentralsparkasse Alserstrasse, Vienna, Austria (SE)<\/li>\n<li>Benson+Hedges \u201eArt+Design\u201c (GE), shown in Germany:\n<ul>\n<li>Galerie Pels-Leusden Villa Grisebach, Berlin<\/li>\n<li>Stadtmuseum D\u00fcsseldorf<\/li>\n<li>Deutsches Goldschmiedehaus, Hanau<\/li>\n<li>Schleswig-Holsteinisches Landesmuseum auf Schloss Gottorf, Schleswig<\/li>\n<\/ul>\n<\/li>\n<li>\u00a0Studio GR 20, Padova, Italy (GE)<\/li>\n<li>Studio A. Perspectiva, Rome, Italy (GE)<\/li>\n<li>Mazzoleni Arte, Milan, Italy (GE)<\/li>\n<li>\u201eOrnamenta 1\u201c, Schmuckmuseum Pforzheim, Germany (GE)<\/li>\n<li>1989 Perth International Crafts Triennial, Art Gallery of Western Australia (GE)<\/li>\n<li>Refektorium St.Michael, Vienna, Austria (GE)<\/li>\n<\/ul>\n<\/li>\n<li><b>1988<\/b>\n<ul>\n<li>Strandcafe, Spitz an der Donau, Austria (SE)<\/li>\n<li>Traude Fritsch bittet zu: Fritz Maierhofer Neue Arbeiten aus England (SE)<\/li>\n<li>Schmuckauktion Dorotheum, Vienna, Austria (GE)<\/li>\n<li>\u201eSchmuck aus \u00d6sterreich\u201c, Galerie Mich\u00e8le Zeller, Bern, Switzerland (GE)<\/li>\n<li>Benson+Hedges \u201eArt+Design\u201c, Museum f\u00fcr Kunst und Gewerbe, Hamburg, Germany (GE)<\/li>\n<li>K\u00fcnstler Ateliers 1988, Donaufestival Nieder\u00f6sterreich, Austria (GE)<\/li>\n<li>Schmuckobjekt 88, K\u00fcnstlerhaus, Vienna, Austria (GE)<\/li>\n<\/ul>\n<\/li>\n<li><b>1987<\/b>\n<ul>\n<li>Sedgwick Centre, London, UK (SE)<\/li>\n<li>Victoria and Albert Museum, London, UK (SE)<\/li>\n<li>\u201eEuropa Joyer\u00eca Contempor\u00e0nea\u201c, Barcelona, Spain (GE)<\/li>\n<li>\u201eKunststoff\u201c, 3rd international summerexhibition of jewellery, Galerie Mich\u00e8le Zeller, Bern, Switzerland (GE)<\/li>\n<li>\u201ePh\u00e4nomen Schmuck, Zeichen am K\u00f6rper\u201c, Linz, Austria (GE)<\/li>\n<li>\u201eJablonec 87\u201c, Czechoslovakia (GE)<\/li>\n<li>Bijoux autrichiens 1987, Brussels, Belgium (GE)<\/li>\n<\/ul>\n<\/li>\n<\/ul>\n<ul>\n<li><b>1986<\/b>\n<ul>\n<li>Galerie W\u00fcrthle, Vienna, Austria (SE)<\/li>\n<li>\u201eEvolution of jewellery 86\u201c, Padova, Italy (GE)<\/li>\n<li>Galerie Maya Behn, Z\u00fcrich, Switzerland (GE)<\/li>\n<\/ul>\n<\/li>\n<\/ul>\n<ul>\n<li><strong>1985<\/strong>\n<ul>\n<li>International exhibition \u201eNya smycken\u201c, Stockholm, Sweden (GE)<\/li>\n<li>\u201eSchmuck\u201c, Galerie Mich\u00e8le Zeller, Bern, Switzerland (GE)<\/li>\n<li>\u201eK\u00f6rper plus\u201c, Basel, Switzerland (GE)<\/li>\n<li>Austrian Avantgarde, Galerie nouvelles images, The Hague, Netherlands (GE)<\/li>\n<li>Opening exhibition of Suse Wassibauer\u2019s Gallery (GE)<\/li>\n<li>\u201eKunstformen jetzt\u201c, Salzburg, Austria (GE)<\/li>\n<li>Gemeindemuseum, The Hague, Netherlands (GE)<\/li>\n<li>\u201eSchmuck, Objekte, Zeichnungen\u201c, W 3\/6, Vienna, Austria (GE)<\/li>\n<\/ul>\n<\/li>\n<\/ul>\n<ul>\n<li><strong>1984<\/strong>\n<ul>\n<li>\u201eJewellery International\u201c, New York, USA (GE)<\/li>\n<li>\u201eBase and Noble\u201c, Electrum Gallery, London, UK (GE)<\/li>\n<li>\u201eK\u00f6rper plus\u201c, Galerie Mich\u00e8le Zeller, Bern, Switzerland (GE)<\/li>\n<li>\u201eContemporary Jewellery\u201c, National Museum of Modern Art, Kyoto and Tokyo, Japan (GE)<\/li>\n<li>\u201eContemporary Austrian Art\u201c, Biennale in Venice, Italy (GE)<\/li>\n<li>Gioiello arte contemporaneo d\u2018 Austria, Ateneo San Basso (GE)<\/li>\n<\/ul>\n<\/li>\n<\/ul>\n<ul>\n<li><b>1983<\/b>\n<ul>\n<li>Galerie Mich\u00e8le Zeller, Bern, Switzerland (SE)<\/li>\n<li>&#8222;Schmuck f\u00fcr K\u00f6rper und Raum&#8220;, Volksbank Zwettl, Austria (SE)<\/li>\n<li>\u201eInno alla gioia\u201c, Galerie Tot, Padova, Italy (GE)<\/li>\n<li>\u201eSchmuck in der Kunst\u201c, Katzenberg, Austria (GE)<\/li>\n<\/ul>\n<\/li>\n<li><b>1982<\/b>\n<ul>\n<li>Galerie Ibo, Klagenfurt, Austria (SE)<\/li>\n<li>&#8222;Schmuck in Zinn und Gold&#8220;, Galerie am Graben, Vienna, Austria (SE)<\/li>\n<li>\u201eEnamel\u201c, travelling exhibition (GE)<\/li>\n<li>Craft Fair, Munich, Germany (GE)<\/li>\n<li>\u201eSchmuck 82 \u2013 Tendenzen?\u201c, Jewellery Museum, Pforzheim, Germany (GE)<\/li>\n<li>\u201eInternationales Kunsthandwerk\u201c, Burgdorf, Switzerland (GE)<\/li>\n<\/ul>\n<\/li>\n<\/ul>\n<ul>\n<li><b>1981<\/b>\n<ul>\n<li>Kleine Galerie, Linz, Austria (SE)<\/li>\n<li>\u201eSchmuck International\u201c, K\u00fcnstlerhaus, Vienna, Austria (GE)<\/li>\n<li>\u201eThe Ring\u201c, Electrum Gallery, London, UK (GE)<\/li>\n<li>\u201eEnamel\u201c, Galerie am Graben, Vienna and on tour in Europe and Australia (GE)<\/li>\n<\/ul>\n<\/li>\n<\/ul>\n<ul>\n<li><strong>1980<\/strong>\n<ul>\n<li>\u201eEnamel, Jewellery and Tableware in the past and present\u201c, Schmuckmuseum Pforzheim and tour (GE)<\/li>\n<li>Goldschmiedehaus, Hanau, Germany (GE)<\/li>\n<li>Galerie am Graben, Vienna, Austria (GE)<\/li>\n<\/ul>\n<\/li>\n<\/ul>\n<ul>\n<li><b>1979<\/b>\n<ul>\n<li>&#8222;Schmuckformen&#8220;, Galerie am Graben, Vienna, Austria (SE)<\/li>\n<li>\u201eSchmuck-Tischger\u00e4t aus \u00d6sterreich\u201c, (GE)<\/li>\n<li>continued International Jewellery Art Exhibition, Tokyo, Japan (GE)<\/li>\n<li>\u201eM\u00f6bel\u201c, K\u00fcnstlerhaus, Vienna, Austria (GE)<\/li>\n<li>\u201eApplied Art in Austria today\u201c, Kunstgewerbemuseum, K\u00f6ln, Germany (GE)<\/li>\n<\/ul>\n<\/li>\n<li><b>1978<\/b>\n<ul>\n<li>Galerie Klosterstrasse, Linz, Austria (SE)<\/li>\n<li>Galerie am Graben, Vienna (SE)<\/li>\n<li>Sparkasse Melk, Austria (SE)<\/li>\n<li>Zentralsparkasse Elterleinplatz, Vienna, Austria (SE)<\/li>\n<li>Neue Galerie, Linz, Austria (GE)<\/li>\n<li>Museum of Decorative Arts, Lausanne, Switzerland (GE)<\/li>\n<li>Goldschmiedehaus, Hanau, Germany (GE)<\/li>\n<li>Landesmuseum Joanneum Augusteum, Salzburg, Austria (GE)<\/li>\n<li>Galerie Albertstrasse, Graz, Austria (GE)<\/li>\n<li>\u201eSchmuck-Tischger\u00e4t aus \u00d6sterreich 1904-1908, 1973-1977\u201c, Schmuckmuseum Pforzheim, Germany (GE)<\/li>\n<\/ul>\n<\/li>\n<\/ul>\n<ul>\n<li><b>1977<\/b>\n<ul>\n<li>&#8222;Metallzeichnungen in Gold und Silber&#8220; (SE)<\/li>\n<li>Galerie am Graben, Vienna, Austria (SE)<\/li>\n<li>Galerie Maringer, St. P\u00f6lten, Austria (SE)<\/li>\n<li>\u201eTendenzen 77\u201c, Pforzheim, Germany (GE)<\/li>\n<\/ul>\n<\/li>\n<li><strong>1976<\/strong>\n<ul>\n<li>International Contemporary Art Fair 76, Paris, France (GE)<\/li>\n<li>Galerie Wolkenstein, Vienna, Austria (GE)<\/li>\n<li>\u201eNeue Wege der Schmuckgestaltung\u201c, Werth, Germany (GE)<\/li>\n<li>\u201eSch\u00f6pferisches Handwerk der Gegenwart\u201c, K\u00fcnstlerhaus, Vienna, Austria (GE)<\/li>\n<li>\u201e10 Goldschmiede\u201c, Galerie Albertstrasse, Graz, Austria (GE)<\/li>\n<li>International Jewellery Art Exhibition, Tokyo, Japan (GE)<\/li>\n<li>\u201eMultiples\u201c, Galerie am Graben, Vienna, Austria (GE)<\/li>\n<\/ul>\n<\/li>\n<li><b>1975<\/b>\n<ul>\n<li>&#8222;Gold and acrylic jewellery&#8220;, Electrum Gallery, London, UK (SE)<\/li>\n<li>Der Kunstladen, Neubeuern Galerie am Graben, Vienna, Austria (SE)<\/li>\n<li>Austrian Institute, New York, USA (GE)<\/li>\n<li>\u201eJewellery in Europe\u201c, Victoria and Albert Museum, London, UK (GE)<\/li>\n<li>Travelling exhibition (GE), shown in\n<ul>\n<li>Aberdeen Art Gallery and Museum, Scotland, UK<\/li>\n<li>\u00a0Scottish Arts Council, Edinburgh<\/li>\n<li>Third Eye Centre, Glasgow<\/li>\n<li>Arnolfini Gallery, Bristol<\/li>\n<\/ul>\n<\/li>\n<li>Galerie Albertstrasse, Graz, Austria (GE)<\/li>\n<\/ul>\n<\/li>\n<li><b>1974<\/b>\n<ul>\n<li>Galerie Kaiser, Vienna, Austria (SE)<\/li>\n<li>Galerie am Graben, Vienna, Austria (SE)<\/li>\n<li>\u201eAvantgarde 74\u201c, Stuttgart, Germany (GE)<\/li>\n<li>Symposium \u201eJewellery in Steel\u201c, shown in Kapfenberg, Linz, Vienna, Austria and N\u00fcrnberg, Pforzheim, Germany (GE)<\/li>\n<li>Art fair, Basel Art 5, 74, Galerie Kaiser (GE)<\/li>\n<\/ul>\n<\/li>\n<li><b>1973<\/b>\n<ul>\n<li>Galerie Nouvelles Images, The Hague, Netherlands (SE)<\/li>\n<li>Galerie Sven, Paris, France (SE)<\/li>\n<li>\u201eAspects of jewellery\u201c, Aberdeen Art Gallery, Scotland, UK (GE)<\/li>\n<li>\u201eTendenzen 73\u201c, Pforzheim, Germany (GE)<\/li>\n<li>Jewellery Art, Terauchi, Kyoto, Japan (GE)<\/li>\n<li>International Jewellery Art Exhibition, Tokyo, Japan (GE)<\/li>\n<li>Galerie am Graben, Vienna, Austria (GE)<\/li>\n<li>\u201eNouvelles Images\u201c, The Hague, Netherlands (GE)<\/li>\n<\/ul>\n<\/li>\n<li><b>1972<\/b>\n<ul>\n<li>Galerie Arkade Schullin, Graz, Austria (SE)<\/li>\n<li>&#8222;Schmuck &#8211; Objekte, Metall und Acrylic&#8220;, Galerie in der Blutgasse, Vienna, Austria (SE)<\/li>\n<li>\u201eSchmuck 72 \u2013 Sch\u00f6pferisches Handwerk der Gegenwart\u201c, Austrian Museum for Applied Arts, Vienna, Austria (GE)<\/li>\n<li>International Craft Fair, Munich, Germany (GE)<\/li>\n<li>\u201eConcepts of Modern Jewellery\u201c, Electrum Gallery, London, UK (GE)<\/li>\n<li>Galerie Krauss, Pforzheim, Germany (GE)<\/li>\n<li>Galerie At Home, Toulouse, France (GE)<\/li>\n<li>\u201eExperimenta 72\u201c, Hamburg, Germany (GE)<\/li>\n<\/ul>\n<\/li>\n<li><b>1971<\/b>\n<ul>\n<li>Galerie Fath, G\u00f6ppingen, Germany (SE)<\/li>\n<li>Galerie in der Blutgasse, Vienna, Austria (SE)<\/li>\n<li>Galerie Wittmann, Vienna, Austria (SE)<\/li>\n<li>Galerie Orf\u00e8vre, D\u00fcsseldorf, Germany (GE)<\/li>\n<li>Electrum Gallery, London (opening exhibition), UK (GE)<\/li>\n<li>\u201eSchmuck-Kunst-Miniaturen-Objekte-Silber-Gold-Acrylglas\u201c, Galerie Lalique, Berlin, Germany (GE)<\/li>\n<li>Internatonal Craft Fair, Munich, Germany (GE)<\/li>\n<li>International Spring Fair, Berlin, Galerie Springer, Germany (GE)<\/li>\n<\/ul>\n<\/li>\n<\/ul>\n<ul>\n<li><strong>1970<\/strong>\n<ul>\n<li>Multimedia, Salzburg, Austria (GE)<\/li>\n<li>\u201eTangenten 70\u201c, Vienna, Austria (GE)<\/li>\n<\/ul>\n<\/li>\n<li><strong>1967<\/strong>\n<ul>\n<li>\u201eViennese Gold and Silvercrafts\u201c, Vienna, Austria (GE)<\/li>\n<\/ul>\n<\/li>\n<\/ul>\n","protected":false},"excerpt":{"rendered":"(GE) Group Exhibitions (SE) Solo Exhibitions 2017 &#8222;Ber\u00fchrungspunkte &#8211; neue Schmuckarbeiten von Fritz Maierhofer und Margit Hart&#8220; bei Alja&amp;Friends, Vienna, Austria (SE) \u201ePrivate Confessions \u2013 Die Zeichnung der Schmuckk\u00fcnstler\u201c, Villa Stuck, Munich, Germany (GE) &#8222;Nature Morte&#8220;, National Museum in Wroclaw, Poland (GE) &#8222;Make &#8211; a celebration of craft&#8220;, Ruthin Craft Centre, UK\u00a0(GE) 2016 Bildungshaus des [&hellip;]","protected":false},"author":2,"featured_media":0,"parent":5,"menu_order":2,"comment_status":"closed","ping_status":"closed","template":"","meta":[],"_links":{"self":[{"href":"https:\/\/www.fritz-maierhofer.com\/index.php?rest_route=\/wp\/v2\/pages\/1379"}],"collection":[{"href":"https:\/\/www.fritz-maierhofer.com\/index.php?rest_route=\/wp\/v2\/pages"}],"about":[{"href":"https:\/\/www.fritz-maierhofer.com\/index.php?rest_route=\/wp\/v2\/types\/page"}],"author":[{"embeddable":true,"href":"https:\/\/www.fritz-maierhofer.com\/index.php?rest_route=\/wp\/v2\/users\/2"}],"replies":[{"embeddable":true,"href":"https:\/\/www.fritz-maierhofer.com\/index.php?rest_route=%2Fwp%2Fv2%2Fcomments&post=1379"}],"version-history":[{"count":21,"href":"https:\/\/www.fritz-maierhofer.com\/index.php?rest_route=\/wp\/v2\/pages\/1379\/revisions"}],"predecessor-version":[{"id":1478,"href":"https:\/\/www.fritz-maierhofer.com\/index.php?rest_route=\/wp\/v2\/pages\/1379\/revisions\/1478"}],"up":[{"embeddable":true,"href":"https:\/\/www.fritz-maierhofer.com\/index.php?rest_route=\/wp\/v2\/pages\/5"}],"wp:attachment":[{"href":"https:\/\/www.fritz-maierhofer.com\/index.php?rest_route=%2Fwp%2Fv2%2Fmedia&parent=1379"}],"curies":[{"name":"wp","href":"https:\/\/api.w.org\/{rel}","templated":true}]}}